{"id":354,"date":"2020-04-16T15:01:02","date_gmt":"2020-04-16T13:01:02","guid":{"rendered":"https:\/\/easylocal.eu\/?page_id=354"},"modified":"2023-06-08T14:07:51","modified_gmt":"2023-06-08T12:07:51","slug":"services","status":"publish","type":"page","link":"https:\/\/easylocal.eu\/en\/services\/","title":{"rendered":"Activity"},"content":{"rendered":"<div data-elementor-type=\"wp-page\" data-elementor-id=\"354\" class=\"elementor elementor-354\" data-elementor-settings=\"[]\">\n\t\t\t<div class=\"elementor-inner\">\n\t\t\t\t<div class=\"elementor-section-wrap\">\n\t\t\t\t\t\t\t<section class=\"elementor-element elementor-element-5187a09f elementor-section-content-middle elementor-section-boxed elementor-section-height-default elementor-section-height-default elementor-section elementor-top-section\" data-id=\"5187a09f\" data-element_type=\"section\" data-settings=\"{&quot;background_background&quot;:&quot;classic&quot;}\">\n\t\t\t\t\t\t<div class=\"elementor-container elementor-column-gap-default\">\n\t\t\t\t<div class=\"elementor-row\">\n\t\t\t\t<div class=\"elementor-element elementor-element-1613cc19 elementor-column elementor-col-100 elementor-top-column\" data-id=\"1613cc19\" data-element_type=\"column\">\n\t\t\t<div class=\"elementor-column-wrap\">\n\t\t\t\t\t<div class=\"elementor-widget-wrap\">\n\t\t\t\t\t\t<\/div>\n\t\t\t<\/div>\n\t\t<\/div>\n\t\t\t\t\t\t<\/div>\n\t\t\t<\/div>\n\t\t<\/section>\n\t\t\t\t<section class=\"elementor-element elementor-element-f9e09d5 elementor-section-boxed elementor-section-height-default elementor-section-height-default elementor-section elementor-top-section\" data-id=\"f9e09d5\" data-element_type=\"section\">\n\t\t\t\t\t\t<div class=\"elementor-container elementor-column-gap-default\">\n\t\t\t\t<div class=\"elementor-row\">\n\t\t\t\t<div class=\"elementor-element elementor-element-c6ca7a3 elementor-column elementor-col-100 elementor-top-column\" data-id=\"c6ca7a3\" data-element_type=\"column\">\n\t\t\t<div class=\"elementor-column-wrap  elementor-element-populated\">\n\t\t\t\t\t<div class=\"elementor-widget-wrap\">\n\t\t\t\t<section class=\"elementor-element elementor-element-838ddd7 elementor-section-boxed elementor-section-height-default elementor-section-height-default elementor-section elementor-inner-section\" data-id=\"838ddd7\" data-element_type=\"section\">\n\t\t\t\t\t\t<div class=\"elementor-container elementor-column-gap-default\">\n\t\t\t\t<div class=\"elementor-row\">\n\t\t\t\t<div class=\"elementor-element elementor-element-bdc2e9f elementor-column elementor-col-50 elementor-inner-column\" data-id=\"bdc2e9f\" data-element_type=\"column\">\n\t\t\t<div class=\"elementor-column-wrap  elementor-element-populated\">\n\t\t\t\t\t<div class=\"elementor-widget-wrap\">\n\t\t\t\t<div class=\"elementor-element elementor-element-b3285f1 elementor-widget elementor-widget-image\" data-id=\"b3285f1\" data-element_type=\"widget\" data-widget_type=\"image.default\">\n\t\t\t\t<div class=\"elementor-widget-container\">\n\t\t\t\t\t<div class=\"elementor-image\">\n\t\t\t\t\t\t\t\t\t\t<img width=\"1024\" height=\"683\" src=\"https:\/\/easylocal.eu\/wp-content\/uploads\/2020\/05\/4-2-1024x683.jpg\" class=\"attachment-large size-large\" alt=\"\" decoding=\"async\" loading=\"lazy\" srcset=\"https:\/\/easylocal.eu\/wp-content\/uploads\/2020\/05\/4-2-1024x683.jpg 1024w, https:\/\/easylocal.eu\/wp-content\/uploads\/2020\/05\/4-2-300x200.jpg 300w, https:\/\/easylocal.eu\/wp-content\/uploads\/2020\/05\/4-2-768x512.jpg 768w, https:\/\/easylocal.eu\/wp-content\/uploads\/2020\/05\/4-2-1536x1024.jpg 1536w, https:\/\/easylocal.eu\/wp-content\/uploads\/2020\/05\/4-2.jpg 1800w\" sizes=\"(max-width: 1024px) 100vw, 1024px\" \/>\t\t\t\t\t\t\t\t\t\t\t<\/div>\n\t\t\t\t<\/div>\n\t\t\t\t<\/div>\n\t\t\t\t\t\t<\/div>\n\t\t\t<\/div>\n\t\t<\/div>\n\t\t\t\t<div class=\"elementor-element elementor-element-39538e6 elementor-column elementor-col-50 elementor-inner-column\" data-id=\"39538e6\" data-element_type=\"column\">\n\t\t\t<div class=\"elementor-column-wrap  elementor-element-populated\">\n\t\t\t\t\t<div class=\"elementor-widget-wrap\">\n\t\t\t\t<div class=\"elementor-element elementor-element-2872bf4 elementor-widget elementor-widget-heading\" data-id=\"2872bf4\" data-element_type=\"widget\" data-widget_type=\"heading.default\">\n\t\t\t\t<div class=\"elementor-widget-container\">\n\t\t\t<h2 class=\"elementor-heading-title elementor-size-default\">Real Estate Investment<\/h2>\t\t<\/div>\n\t\t\t\t<\/div>\n\t\t\t\t<div class=\"elementor-element elementor-element-6e1196f elementor-widget elementor-widget-text-editor\" data-id=\"6e1196f\" data-element_type=\"widget\" data-widget_type=\"text-editor.default\">\n\t\t\t\t<div class=\"elementor-widget-container\">\n\t\t\t\t\t<div class=\"elementor-text-editor elementor-clearfix\"><ul><li><span style=\"font-size: 16px;\">Property search<\/span><\/li><li><span style=\"font-size: 16px;\">Buying, selling, leasing<\/span><\/li><li>Profitability calculation<\/li><li>Business plan<\/li><\/ul><\/div>\n\t\t\t\t<\/div>\n\t\t\t\t<\/div>\n\t\t\t\t\t\t<\/div>\n\t\t\t<\/div>\n\t\t<\/div>\n\t\t\t\t\t\t<\/div>\n\t\t\t<\/div>\n\t\t<\/section>\n\t\t\t\t\t\t<\/div>\n\t\t\t<\/div>\n\t\t<\/div>\n\t\t\t\t\t\t<\/div>\n\t\t\t<\/div>\n\t\t<\/section>\n\t\t\t\t<section class=\"elementor-element elementor-element-666e24b elementor-section-boxed elementor-section-height-default elementor-section-height-default elementor-section elementor-top-section\" data-id=\"666e24b\" data-element_type=\"section\">\n\t\t\t\t\t\t<div class=\"elementor-container elementor-column-gap-default\">\n\t\t\t\t<div class=\"elementor-row\">\n\t\t\t\t<div class=\"elementor-element elementor-element-f382c14 elementor-column elementor-col-100 elementor-top-column\" data-id=\"f382c14\" data-element_type=\"column\">\n\t\t\t<div class=\"elementor-column-wrap  elementor-element-populated\">\n\t\t\t\t\t<div class=\"elementor-widget-wrap\">\n\t\t\t\t<section class=\"elementor-element elementor-element-02a68ef elementor-section-boxed elementor-section-height-default elementor-section-height-default elementor-section elementor-inner-section\" data-id=\"02a68ef\" data-element_type=\"section\">\n\t\t\t\t\t\t<div class=\"elementor-container elementor-column-gap-default\">\n\t\t\t\t<div class=\"elementor-row\">\n\t\t\t\t<div class=\"elementor-element elementor-element-5d83999 elementor-column elementor-col-50 elementor-inner-column\" data-id=\"5d83999\" data-element_type=\"column\">\n\t\t\t<div class=\"elementor-column-wrap  elementor-element-populated\">\n\t\t\t\t\t<div class=\"elementor-widget-wrap\">\n\t\t\t\t<div class=\"elementor-element elementor-element-bf3c8bf elementor-widget elementor-widget-image\" data-id=\"bf3c8bf\" data-element_type=\"widget\" data-widget_type=\"image.default\">\n\t\t\t\t<div class=\"elementor-widget-container\">\n\t\t\t\t\t<div class=\"elementor-image\">\n\t\t\t\t\t\t\t\t\t\t<img width=\"1024\" height=\"683\" src=\"https:\/\/easylocal.eu\/wp-content\/uploads\/2020\/05\/IMG_8624-1024x683.jpg\" class=\"attachment-large size-large\" alt=\"\" decoding=\"async\" loading=\"lazy\" srcset=\"https:\/\/easylocal.eu\/wp-content\/uploads\/2020\/05\/IMG_8624-1024x683.jpg 1024w, https:\/\/easylocal.eu\/wp-content\/uploads\/2020\/05\/IMG_8624-300x200.jpg 300w, https:\/\/easylocal.eu\/wp-content\/uploads\/2020\/05\/IMG_8624-768x512.jpg 768w, https:\/\/easylocal.eu\/wp-content\/uploads\/2020\/05\/IMG_8624.jpg 1417w\" sizes=\"(max-width: 1024px) 100vw, 1024px\" \/>\t\t\t\t\t\t\t\t\t\t\t<\/div>\n\t\t\t\t<\/div>\n\t\t\t\t<\/div>\n\t\t\t\t\t\t<\/div>\n\t\t\t<\/div>\n\t\t<\/div>\n\t\t\t\t<div class=\"elementor-element elementor-element-3563d38 elementor-column elementor-col-50 elementor-inner-column\" data-id=\"3563d38\" data-element_type=\"column\">\n\t\t\t<div class=\"elementor-column-wrap  elementor-element-populated\">\n\t\t\t\t\t<div class=\"elementor-widget-wrap\">\n\t\t\t\t<div class=\"elementor-element elementor-element-1ea21b8 elementor-widget elementor-widget-heading\" data-id=\"1ea21b8\" data-element_type=\"widget\" data-widget_type=\"heading.default\">\n\t\t\t\t<div class=\"elementor-widget-container\">\n\t\t\t<h2 class=\"elementor-heading-title elementor-size-default\">Lease management<\/h2>\t\t<\/div>\n\t\t\t\t<\/div>\n\t\t\t\t<div class=\"elementor-element elementor-element-065605e elementor-widget elementor-widget-text-editor\" data-id=\"065605e\" data-element_type=\"widget\" data-widget_type=\"text-editor.default\">\n\t\t\t\t<div class=\"elementor-widget-container\">\n\t\t\t\t\t<div class=\"elementor-text-editor elementor-clearfix\"><ul><li><span style=\"font-size: 16px;\">Advertisement of properties\u00a0<\/span><\/li><li>Monitoring tenants (payments, guarantees, occupancy)<\/li><li>Administrative monitoring of assets (indexation, drafting of lease contracts)<\/li><li>Solving technical problems, repair works<\/li><\/ul><\/div>\n\t\t\t\t<\/div>\n\t\t\t\t<\/div>\n\t\t\t\t\t\t<\/div>\n\t\t\t<\/div>\n\t\t<\/div>\n\t\t\t\t\t\t<\/div>\n\t\t\t<\/div>\n\t\t<\/section>\n\t\t\t\t\t\t<\/div>\n\t\t\t<\/div>\n\t\t<\/div>\n\t\t\t\t\t\t<\/div>\n\t\t\t<\/div>\n\t\t<\/section>\n\t\t\t\t<section class=\"elementor-element elementor-element-8e7df4f elementor-section-boxed elementor-section-height-default elementor-section-height-default elementor-section elementor-top-section\" data-id=\"8e7df4f\" data-element_type=\"section\">\n\t\t\t\t\t\t<div class=\"elementor-container elementor-column-gap-default\">\n\t\t\t\t<div class=\"elementor-row\">\n\t\t\t\t<div class=\"elementor-element elementor-element-09e9ec9 elementor-column elementor-col-100 elementor-top-column\" data-id=\"09e9ec9\" data-element_type=\"column\">\n\t\t\t<div class=\"elementor-column-wrap  elementor-element-populated\">\n\t\t\t\t\t<div class=\"elementor-widget-wrap\">\n\t\t\t\t<section class=\"elementor-element elementor-element-0229822 elementor-section-boxed elementor-section-height-default elementor-section-height-default elementor-section elementor-inner-section\" data-id=\"0229822\" data-element_type=\"section\">\n\t\t\t\t\t\t<div class=\"elementor-container elementor-column-gap-default\">\n\t\t\t\t<div class=\"elementor-row\">\n\t\t\t\t<div class=\"elementor-element elementor-element-49d7d12 elementor-column elementor-col-50 elementor-inner-column\" data-id=\"49d7d12\" data-element_type=\"column\">\n\t\t\t<div class=\"elementor-column-wrap  elementor-element-populated\">\n\t\t\t\t\t<div class=\"elementor-widget-wrap\">\n\t\t\t\t<div class=\"elementor-element elementor-element-b748905 elementor-widget elementor-widget-image\" data-id=\"b748905\" data-element_type=\"widget\" data-widget_type=\"image.default\">\n\t\t\t\t<div class=\"elementor-widget-container\">\n\t\t\t\t\t<div class=\"elementor-image\">\n\t\t\t\t\t\t\t\t\t\t<img width=\"1024\" height=\"683\" src=\"https:\/\/easylocal.eu\/wp-content\/uploads\/2020\/06\/SDB-1015-1024x683.jpg\" class=\"attachment-large size-large\" alt=\"\" decoding=\"async\" loading=\"lazy\" srcset=\"https:\/\/easylocal.eu\/wp-content\/uploads\/2020\/06\/SDB-1015-1024x683.jpg 1024w, https:\/\/easylocal.eu\/wp-content\/uploads\/2020\/06\/SDB-1015-300x200.jpg 300w, https:\/\/easylocal.eu\/wp-content\/uploads\/2020\/06\/SDB-1015-768x512.jpg 768w, https:\/\/easylocal.eu\/wp-content\/uploads\/2020\/06\/SDB-1015-1536x1024.jpg 1536w, https:\/\/easylocal.eu\/wp-content\/uploads\/2020\/06\/SDB-1015.jpg 1701w\" sizes=\"(max-width: 1024px) 100vw, 1024px\" \/>\t\t\t\t\t\t\t\t\t\t\t<\/div>\n\t\t\t\t<\/div>\n\t\t\t\t<\/div>\n\t\t\t\t\t\t<\/div>\n\t\t\t<\/div>\n\t\t<\/div>\n\t\t\t\t<div class=\"elementor-element elementor-element-7ea16e4 elementor-column elementor-col-50 elementor-inner-column\" data-id=\"7ea16e4\" data-element_type=\"column\">\n\t\t\t<div class=\"elementor-column-wrap  elementor-element-populated\">\n\t\t\t\t\t<div class=\"elementor-widget-wrap\">\n\t\t\t\t<div class=\"elementor-element elementor-element-f3709d1 elementor-widget elementor-widget-heading\" data-id=\"f3709d1\" data-element_type=\"widget\" data-widget_type=\"heading.default\">\n\t\t\t\t<div class=\"elementor-widget-container\">\n\t\t\t<h2 class=\"elementor-heading-title elementor-size-default\">renovation<\/h2>\t\t<\/div>\n\t\t\t\t<\/div>\n\t\t\t\t<div class=\"elementor-element elementor-element-3d93c09 elementor-widget elementor-widget-text-editor\" data-id=\"3d93c09\" data-element_type=\"widget\" data-widget_type=\"text-editor.default\">\n\t\t\t\t<div class=\"elementor-widget-container\">\n\t\t\t\t\t<div class=\"elementor-text-editor elementor-clearfix\"><ul><li>Project management<\/li><li>Construction site supervision<\/li><li>Cost control<\/li><li>Interior design<\/li><\/ul><\/div>\n\t\t\t\t<\/div>\n\t\t\t\t<\/div>\n\t\t\t\t\t\t<\/div>\n\t\t\t<\/div>\n\t\t<\/div>\n\t\t\t\t\t\t<\/div>\n\t\t\t<\/div>\n\t\t<\/section>\n\t\t\t\t\t\t<\/div>\n\t\t\t<\/div>\n\t\t<\/div>\n\t\t\t\t\t\t<\/div>\n\t\t\t<\/div>\n\t\t<\/section>\n\t\t\t\t<section class=\"elementor-element elementor-element-58eeae4 elementor-section-boxed elementor-section-height-default elementor-section-height-default elementor-section elementor-top-section\" data-id=\"58eeae4\" data-element_type=\"section\">\n\t\t\t\t\t\t<div class=\"elementor-container elementor-column-gap-default\">\n\t\t\t\t<div class=\"elementor-row\">\n\t\t\t\t<div class=\"elementor-element elementor-element-3ee8d46 elementor-column elementor-col-100 elementor-top-column\" data-id=\"3ee8d46\" data-element_type=\"column\">\n\t\t\t<div class=\"elementor-column-wrap  elementor-element-populated\">\n\t\t\t\t\t<div class=\"elementor-widget-wrap\">\n\t\t\t\t<section class=\"elementor-element elementor-element-ff4d485 elementor-section-boxed elementor-section-height-default elementor-section-height-default elementor-section elementor-inner-section\" data-id=\"ff4d485\" data-element_type=\"section\">\n\t\t\t\t\t\t<div class=\"elementor-container elementor-column-gap-default\">\n\t\t\t\t<div class=\"elementor-row\">\n\t\t\t\t<div class=\"elementor-element elementor-element-f7aca66 elementor-column elementor-col-50 elementor-inner-column\" data-id=\"f7aca66\" data-element_type=\"column\">\n\t\t\t<div class=\"elementor-column-wrap  elementor-element-populated\">\n\t\t\t\t\t<div class=\"elementor-widget-wrap\">\n\t\t\t\t<div class=\"elementor-element elementor-element-e608385 elementor-widget elementor-widget-image\" data-id=\"e608385\" data-element_type=\"widget\" data-widget_type=\"image.default\">\n\t\t\t\t<div class=\"elementor-widget-container\">\n\t\t\t\t\t<div class=\"elementor-image\">\n\t\t\t\t\t\t\t\t\t\t<img width=\"1024\" height=\"683\" src=\"https:\/\/easylocal.eu\/wp-content\/uploads\/2020\/06\/visite-chantier-1015-1024x683.jpg\" class=\"attachment-large size-large\" alt=\"\" decoding=\"async\" loading=\"lazy\" srcset=\"https:\/\/easylocal.eu\/wp-content\/uploads\/2020\/06\/visite-chantier-1015-1024x683.jpg 1024w, https:\/\/easylocal.eu\/wp-content\/uploads\/2020\/06\/visite-chantier-1015-300x200.jpg 300w, https:\/\/easylocal.eu\/wp-content\/uploads\/2020\/06\/visite-chantier-1015-768x512.jpg 768w, https:\/\/easylocal.eu\/wp-content\/uploads\/2020\/06\/visite-chantier-1015-1536x1024.jpg 1536w, https:\/\/easylocal.eu\/wp-content\/uploads\/2020\/06\/visite-chantier-1015.jpg 1920w\" sizes=\"(max-width: 1024px) 100vw, 1024px\" \/>\t\t\t\t\t\t\t\t\t\t\t<\/div>\n\t\t\t\t<\/div>\n\t\t\t\t<\/div>\n\t\t\t\t\t\t<\/div>\n\t\t\t<\/div>\n\t\t<\/div>\n\t\t\t\t<div class=\"elementor-element elementor-element-d0f0672 elementor-column elementor-col-50 elementor-inner-column\" data-id=\"d0f0672\" data-element_type=\"column\">\n\t\t\t<div class=\"elementor-column-wrap  elementor-element-populated\">\n\t\t\t\t\t<div class=\"elementor-widget-wrap\">\n\t\t\t\t<div class=\"elementor-element elementor-element-d36af7d elementor-widget elementor-widget-heading\" data-id=\"d36af7d\" data-element_type=\"widget\" data-widget_type=\"heading.default\">\n\t\t\t\t<div class=\"elementor-widget-container\">\n\t\t\t<h2 class=\"elementor-heading-title elementor-size-default\">Commercial<\/h2>\t\t<\/div>\n\t\t\t\t<\/div>\n\t\t\t\t<div class=\"elementor-element elementor-element-2ac1e04 elementor-widget elementor-widget-text-editor\" data-id=\"2ac1e04\" data-element_type=\"widget\" data-widget_type=\"text-editor.default\">\n\t\t\t\t<div class=\"elementor-widget-container\">\n\t\t\t\t\t<div class=\"elementor-text-editor elementor-clearfix\"><ul><li>Monitoring developments in the neighbourhoods where the properties are located<\/li><li>Client service<\/li><li>Anticipation of problems\u00a0<\/li><li>Negotiating prices, comparing quotes<\/li><\/ul><\/div>\n\t\t\t\t<\/div>\n\t\t\t\t<\/div>\n\t\t\t\t\t\t<\/div>\n\t\t\t<\/div>\n\t\t<\/div>\n\t\t\t\t\t\t<\/div>\n\t\t\t<\/div>\n\t\t<\/section>\n\t\t\t\t\t\t<\/div>\n\t\t\t<\/div>\n\t\t<\/div>\n\t\t\t\t\t\t<\/div>\n\t\t\t<\/div>\n\t\t<\/section>\n\t\t\t\t\t\t<\/div>\n\t\t\t<\/div>\n\t\t<\/div>","protected":false},"excerpt":{"rendered":"<p>Investissement immobilier Recherche de biens Achat, vente, location Calcul de rentabilit\u00e9 Business plan gestion locative Mise en location des biens\u00a0 Suivi des locataires (paiement, garantie, occupation) Suivi administratif des biens (indexation, baux) R\u00e9solution de probl\u00e8mes techniques, travaux de r\u00e9paration r\u00e9novation Gestion de projet Suivi de chantier Contr\u00f4le des d\u00e9penses D\u00e9coration int\u00e9rieure Commercial Suivi de l&rsquo;\u00e9volution &hellip;<\/p>\n<p class=\"read-more\"> <a class=\"\" href=\"https:\/\/easylocal.eu\/en\/services\/\"> <span class=\"screen-reader-text\">Activity<\/span> Read More &raquo;<\/a><\/p>","protected":false},"author":1,"featured_media":0,"parent":0,"menu_order":0,"comment_status":"closed","ping_status":"closed","template":"","meta":[],"_links":{"self":[{"href":"https:\/\/easylocal.eu\/en\/wp-json\/wp\/v2\/pages\/354"}],"collection":[{"href":"https:\/\/easylocal.eu\/en\/wp-json\/wp\/v2\/pages"}],"about":[{"href":"https:\/\/easylocal.eu\/en\/wp-json\/wp\/v2\/types\/page"}],"author":[{"embeddable":true,"href":"https:\/\/easylocal.eu\/en\/wp-json\/wp\/v2\/users\/1"}],"replies":[{"embeddable":true,"href":"https:\/\/easylocal.eu\/en\/wp-json\/wp\/v2\/comments?post=354"}],"version-history":[{"count":85,"href":"https:\/\/easylocal.eu\/en\/wp-json\/wp\/v2\/pages\/354\/revisions"}],"predecessor-version":[{"id":1941,"href":"https:\/\/easylocal.eu\/en\/wp-json\/wp\/v2\/pages\/354\/revisions\/1941"}],"wp:attachment":[{"href":"https:\/\/easylocal.eu\/en\/wp-json\/wp\/v2\/media?parent=354"}],"curies":[{"name":"wp","href":"https:\/\/api.w.org\/{rel}","templated":true}]}}