{"id":640,"date":"2020-04-22T21:09:05","date_gmt":"2020-04-22T19:09:05","guid":{"rendered":"https:\/\/easylocal.eu\/?page_id=640"},"modified":"2023-06-08T14:12:28","modified_gmt":"2023-06-08T12:12:28","slug":"about","status":"publish","type":"page","link":"https:\/\/easylocal.eu\/en\/about\/","title":{"rendered":"About"},"content":{"rendered":"<div data-elementor-type=\"wp-page\" data-elementor-id=\"640\" class=\"elementor elementor-640\" data-elementor-settings=\"[]\">\n\t\t\t<div class=\"elementor-inner\">\n\t\t\t\t<div class=\"elementor-section-wrap\">\n\t\t\t\t\t\t\t<section class=\"elementor-element elementor-element-3cafef35 elementor-section-content-middle elementor-section-boxed elementor-section-height-default elementor-section-height-default elementor-section elementor-top-section\" data-id=\"3cafef35\" data-element_type=\"section\" data-settings=\"{&quot;background_background&quot;:&quot;classic&quot;}\">\n\t\t\t\t\t\t<div class=\"elementor-container elementor-column-gap-default\">\n\t\t\t\t<div class=\"elementor-row\">\n\t\t\t\t<div class=\"elementor-element elementor-element-5e668772 elementor-column elementor-col-100 elementor-top-column\" data-id=\"5e668772\" data-element_type=\"column\">\n\t\t\t<div class=\"elementor-column-wrap  elementor-element-populated\">\n\t\t\t\t\t<div class=\"elementor-widget-wrap\">\n\t\t\t\t<section class=\"elementor-element elementor-element-3e12a018 elementor-section-boxed elementor-section-height-default elementor-section-height-default elementor-section elementor-inner-section\" data-id=\"3e12a018\" data-element_type=\"section\">\n\t\t\t\t\t\t<div class=\"elementor-container elementor-column-gap-default\">\n\t\t\t\t<div class=\"elementor-row\">\n\t\t\t\t<div class=\"elementor-element elementor-element-75bb4536 elementor-column elementor-col-100 elementor-inner-column\" data-id=\"75bb4536\" data-element_type=\"column\">\n\t\t\t<div class=\"elementor-column-wrap\">\n\t\t\t\t\t<div class=\"elementor-widget-wrap\">\n\t\t\t\t\t\t<\/div>\n\t\t\t<\/div>\n\t\t<\/div>\n\t\t\t\t\t\t<\/div>\n\t\t\t<\/div>\n\t\t<\/section>\n\t\t\t\t\t\t<\/div>\n\t\t\t<\/div>\n\t\t<\/div>\n\t\t\t\t\t\t<\/div>\n\t\t\t<\/div>\n\t\t<\/section>\n\t\t\t\t<section class=\"elementor-element elementor-element-261391a3 elementor-section-content-middle elementor-section-boxed elementor-section-height-default elementor-section-height-default elementor-section elementor-top-section\" data-id=\"261391a3\" data-element_type=\"section\" data-settings=\"{&quot;background_background&quot;:&quot;classic&quot;}\">\n\t\t\t\t\t\t<div class=\"elementor-container elementor-column-gap-default\">\n\t\t\t\t<div class=\"elementor-row\">\n\t\t\t\t<div class=\"elementor-element elementor-element-7eb9455d elementor-column elementor-col-100 elementor-top-column\" data-id=\"7eb9455d\" data-element_type=\"column\">\n\t\t\t<div class=\"elementor-column-wrap  elementor-element-populated\">\n\t\t\t\t\t<div class=\"elementor-widget-wrap\">\n\t\t\t\t<div class=\"elementor-element elementor-element-454d1b8 elementor-widget elementor-widget-heading\" data-id=\"454d1b8\" data-element_type=\"widget\" data-widget_type=\"heading.default\">\n\t\t\t\t<div class=\"elementor-widget-container\">\n\t\t\t<h2 class=\"elementor-heading-title elementor-size-default\">A GLIMPSE OF YEARS OF EXPERIENCE<\/h2>\t\t<\/div>\n\t\t\t\t<\/div>\n\t\t\t\t<div class=\"elementor-element elementor-element-3688f0d elementor-widget elementor-widget-text-editor\" data-id=\"3688f0d\" data-element_type=\"widget\" data-widget_type=\"text-editor.default\">\n\t\t\t\t<div class=\"elementor-widget-container\">\n\t\t\t\t\t<div class=\"elementor-text-editor elementor-clearfix\"><p>Easy Local is the showcase for Aline Oussatcheva's work over the last 15 years as an investor, property manager and interior designer. Originally from Brussels, Aline is passionate about art, architecture, design, furniture and real estate. Since 2008, she has been developing her own property projects in the capital, acquiring premises and old buildings in the most sought-after districts, then transforming them into contemporary houses and flats. Surrounded by a network of designers, architects, contractors, plumbers, electricians and estate agents, Aline makes every effort to turn her ideas into reality. She coordinates every stage of the process, from conception to completion, to ensure exceptional results. Drawing on her expertise as an interior designer, Aline brings a personal touch to every property she renovates, creating spaces that are both aesthetically pleasing and functional. With her extensive experience in property management, Aline uses her know-how to ensure the efficient management of her properties.<\/p><\/div>\n\t\t\t\t<\/div>\n\t\t\t\t<\/div>\n\t\t\t\t\t\t<\/div>\n\t\t\t<\/div>\n\t\t<\/div>\n\t\t\t\t\t\t<\/div>\n\t\t\t<\/div>\n\t\t<\/section>\n\t\t\t\t<section class=\"elementor-element elementor-element-66cfc895 elementor-section-content-middle elementor-section-height-min-height elementor-section-items-bottom elementor-section-boxed elementor-section-height-default elementor-section elementor-top-section\" data-id=\"66cfc895\" data-element_type=\"section\">\n\t\t\t\t\t\t<div class=\"elementor-container elementor-column-gap-wider\">\n\t\t\t\t<div class=\"elementor-row\">\n\t\t\t\t<div class=\"elementor-element elementor-element-3d7ee86a elementor-column elementor-col-50 elementor-top-column\" data-id=\"3d7ee86a\" data-element_type=\"column\" data-settings=\"{&quot;background_background&quot;:&quot;gradient&quot;}\">\n\t\t\t<div class=\"elementor-column-wrap  elementor-element-populated\">\n\t\t\t\t\t<div class=\"elementor-widget-wrap\">\n\t\t\t\t<div class=\"elementor-element elementor-element-39912ed8 elementor-widget elementor-widget-image\" data-id=\"39912ed8\" data-element_type=\"widget\" data-widget_type=\"image.default\">\n\t\t\t\t<div class=\"elementor-widget-container\">\n\t\t\t\t\t<div class=\"elementor-image\">\n\t\t\t\t\t\t\t\t\t\t<img width=\"768\" height=\"576\" src=\"https:\/\/easylocal.eu\/wp-content\/uploads\/2023\/06\/Charl-travaux_20_test-768x576.jpg\" class=\"attachment-medium_large size-medium_large\" alt=\"\" decoding=\"async\" loading=\"lazy\" srcset=\"https:\/\/easylocal.eu\/wp-content\/uploads\/2023\/06\/Charl-travaux_20_test-768x576.jpg 768w, https:\/\/easylocal.eu\/wp-content\/uploads\/2023\/06\/Charl-travaux_20_test-300x225.jpg 300w, https:\/\/easylocal.eu\/wp-content\/uploads\/2023\/06\/Charl-travaux_20_test-1024x768.jpg 1024w, https:\/\/easylocal.eu\/wp-content\/uploads\/2023\/06\/Charl-travaux_20_test-1536x1152.jpg 1536w, https:\/\/easylocal.eu\/wp-content\/uploads\/2023\/06\/Charl-travaux_20_test.jpg 2048w\" sizes=\"(max-width: 768px) 100vw, 768px\" \/>\t\t\t\t\t\t\t\t\t\t\t<\/div>\n\t\t\t\t<\/div>\n\t\t\t\t<\/div>\n\t\t\t\t\t\t<\/div>\n\t\t\t<\/div>\n\t\t<\/div>\n\t\t\t\t<div class=\"elementor-element elementor-element-cbeb4b6 elementor-column elementor-col-50 elementor-top-column\" data-id=\"cbeb4b6\" data-element_type=\"column\" data-settings=\"{&quot;background_background&quot;:&quot;gradient&quot;}\">\n\t\t\t<div class=\"elementor-column-wrap  elementor-element-populated\">\n\t\t\t\t\t<div class=\"elementor-widget-wrap\">\n\t\t\t\t<div class=\"elementor-element elementor-element-c1d05a2 elementor-widget elementor-widget-image\" data-id=\"c1d05a2\" data-element_type=\"widget\" data-widget_type=\"image.default\">\n\t\t\t\t<div class=\"elementor-widget-container\">\n\t\t\t\t\t<div class=\"elementor-image\">\n\t\t\t\t\t\t\t\t\t\t<img width=\"768\" height=\"512\" src=\"https:\/\/easylocal.eu\/wp-content\/uploads\/2023\/06\/1.-SAM-768x512.jpg\" class=\"attachment-medium_large size-medium_large\" alt=\"\" decoding=\"async\" loading=\"lazy\" srcset=\"https:\/\/easylocal.eu\/wp-content\/uploads\/2023\/06\/1.-SAM-768x512.jpg 768w, https:\/\/easylocal.eu\/wp-content\/uploads\/2023\/06\/1.-SAM-300x200.jpg 300w, https:\/\/easylocal.eu\/wp-content\/uploads\/2023\/06\/1.-SAM-1024x683.jpg 1024w, https:\/\/easylocal.eu\/wp-content\/uploads\/2023\/06\/1.-SAM-1536x1024.jpg 1536w, https:\/\/easylocal.eu\/wp-content\/uploads\/2023\/06\/1.-SAM-2048x1365.jpg 2048w\" sizes=\"(max-width: 768px) 100vw, 768px\" \/>\t\t\t\t\t\t\t\t\t\t\t<\/div>\n\t\t\t\t<\/div>\n\t\t\t\t<\/div>\n\t\t\t\t\t\t<\/div>\n\t\t\t<\/div>\n\t\t<\/div>\n\t\t\t\t\t\t<\/div>\n\t\t\t<\/div>\n\t\t<\/section>\n\t\t\t\t\t\t<\/div>\n\t\t\t<\/div>\n\t\t<\/div>","protected":false},"excerpt":{"rendered":"<p>Coup d&rsquo;oeil sur des ann\u00e9es d&rsquo;exp\u00e9rience Easy Local est la vitrine du travail accompli au cours des 15 derni\u00e8res ann\u00e9es par Aline Oussatcheva en tant qu&rsquo;investisseur, gestionnaire immobilier et d\u00e9coratrice d&rsquo;int\u00e9rieur.\u00a0Originaire de Bruxelles, Aline est passionn\u00e9e par l&rsquo;art, l&rsquo;architecture, le design, l&rsquo;ameublement et l&rsquo;immobilier. Depuis 2008, elle d\u00e9veloppe ses propres projets immobiliers dans la capitale &hellip;<\/p>\n<p class=\"read-more\"> <a class=\"\" href=\"https:\/\/easylocal.eu\/en\/about\/\"> <span class=\"screen-reader-text\">About<\/span> Read More &raquo;<\/a><\/p>","protected":false},"author":1,"featured_media":0,"parent":0,"menu_order":0,"comment_status":"closed","ping_status":"closed","template":"","meta":[],"_links":{"self":[{"href":"https:\/\/easylocal.eu\/en\/wp-json\/wp\/v2\/pages\/640"}],"collection":[{"href":"https:\/\/easylocal.eu\/en\/wp-json\/wp\/v2\/pages"}],"about":[{"href":"https:\/\/easylocal.eu\/en\/wp-json\/wp\/v2\/types\/page"}],"author":[{"embeddable":true,"href":"https:\/\/easylocal.eu\/en\/wp-json\/wp\/v2\/users\/1"}],"replies":[{"embeddable":true,"href":"https:\/\/easylocal.eu\/en\/wp-json\/wp\/v2\/comments?post=640"}],"version-history":[{"count":113,"href":"https:\/\/easylocal.eu\/en\/wp-json\/wp\/v2\/pages\/640\/revisions"}],"predecessor-version":[{"id":1943,"href":"https:\/\/easylocal.eu\/en\/wp-json\/wp\/v2\/pages\/640\/revisions\/1943"}],"wp:attachment":[{"href":"https:\/\/easylocal.eu\/en\/wp-json\/wp\/v2\/media?parent=640"}],"curies":[{"name":"wp","href":"https:\/\/api.w.org\/{rel}","templated":true}]}}